{"id":24,"date":"2019-06-21T13:44:01","date_gmt":"2019-06-21T11:44:01","guid":{"rendered":"http:\/\/www.dm-architectes.fr\/wpdma\/?page_id=24"},"modified":"2025-11-12T06:23:47","modified_gmt":"2025-11-12T05:23:47","slug":"agence","status":"publish","type":"page","link":"https:\/\/www.dm-architectes.fr\/index.php\/agence\/","title":{"rendered":"Agence"},"content":{"rendered":"<div class=\"wpb-content-wrapper\"><p>[vc_row row_content_width=\u00a0\u00bbgrid\u00a0\u00bb parallax_background_image=\u00a0\u00bb976&Prime; css=\u00a0\u00bb.vc_custom_1661353277072{padding-top: 300px !important;padding-bottom: 500px !important;}\u00a0\u00bb][vc_column][\/vc_column][\/vc_row][vc_row row_content_width=\u00a0\u00bbgrid\u00a0\u00bb css=\u00a0\u00bb.vc_custom_1561968012561{margin-top: -200px !important;}\u00a0\u00bb][vc_column]<div class=\"qodef-elements-holder   qodef-one-column  qodef-responsive-mode-768   \" style=\"background-color: #ffffff\"><div class=\"qodef-eh-item     qodef-eh-shadow\" style=\"background-color: #232323\" data-item-class=\"qodef-eh-custom-8753\" data-1366-1600=\"50px 50px 50px 50px\" data-1024-1366=\"20px 20px 20px 20px\" data-768-1024=\"10px 10px 10px 10px\" data-680-768=\"5px 5px 5px 5px\" data-680=\"2px 2px 2px 2px\">\n\t<div class=\"qodef-eh-item-inner\">\n\t\t<div class=\"qodef-eh-item-content qodef-eh-custom-8753\" style=\"padding: 50px 50px 50px 50px\">\n\t\t\t<div class=\"qodef-section-title-holder  qodef-st-corners qodef-st-title-left qodef-st-normal-space  qodef-st-light-skin\" style=\"padding: 50px;text-align: center\">\n\t<div class=\"qodef-st-inner\">\n                    <span class=\"qodef-corner-line line-1\"><\/span>\n            <span class=\"qodef-corner-line line-2\"><\/span>\n            <span class=\"qodef-corner-line line-3\"><\/span>\n            <span class=\"qodef-corner-line line-4\"><\/span>\n        \t\t\t\t\t<h2 class=\"qodef-st-title\" >\n\t\t\t\tL'AGENCE\t\t\t<\/h2>\n\t\t\t\t\t\t\t<span class=\"qodef-st-text\" style=\"color: #e5e5e5\">\n\t\t\t\tBas\u00e9e \u00e0 M\u00e9rignac, DM-ARCHITECTES est port\u00e9e par Ugo De Marco et Aymeric Bettinger, architectes engag\u00e9s dans la conception d\u2019une architecture contextuelle, bas carbone et tourn\u00e9e vers l\u2019usage.<br \/>\nIssue d\u2019un ancrage local fort, l\u2019agence a su se renouveler pour conjuguer savoir-faire, innovation et exigence environnementale.<br \/>\nLe duo impulse une dynamique nouvelle, illustr\u00e9e notamment par le projet de l\u2019ENSEGID \u00e0 Pessac, qui marque l\u2019ouverture de l\u2019agence \u00e0 des programmes d\u2019envergure et \u00e0 la construction hors site.\t\t\t<\/span>\n\t\t\t<\/div>\n<\/div>\t\t<\/div>\n\t<\/div>\n<\/div><\/div>[\/vc_column][\/vc_row][vc_row][vc_column][vc_empty_space height=\u00a0\u00bb100px\u00a0\u00bb][\/vc_column][\/vc_row][vc_row row_content_width=\u00a0\u00bbgrid\u00a0\u00bb][vc_column]<div class=\"qodef-image-info-section-holder  qodef-has-border  qodef-image-on-left-side\">\n    <div class=\"qodef-iis-image\">\n        <div class=\"qodef-iis-image-inner\">\n                                                <img loading=\"lazy\" decoding=\"async\" width=\"1920\" height=\"1201\" src=\"https:\/\/www.dm-architectes.fr\/wp-content\/uploads\/2019\/06\/DMARCHITECTES_POLECULTURESPORTS_EXT01.jpg\" class=\"attachment-full size-full\" alt=\"\" srcset=\"https:\/\/www.dm-architectes.fr\/wp-content\/uploads\/2019\/06\/DMARCHITECTES_POLECULTURESPORTS_EXT01.jpg 1920w, https:\/\/www.dm-architectes.fr\/wp-content\/uploads\/2019\/06\/DMARCHITECTES_POLECULTURESPORTS_EXT01-300x188.jpg 300w, https:\/\/www.dm-architectes.fr\/wp-content\/uploads\/2019\/06\/DMARCHITECTES_POLECULTURESPORTS_EXT01-768x480.jpg 768w, https:\/\/www.dm-architectes.fr\/wp-content\/uploads\/2019\/06\/DMARCHITECTES_POLECULTURESPORTS_EXT01-1024x641.jpg 1024w\" sizes=\"auto, (max-width: 1920px) 100vw, 1920px\" \/>                                    <\/div>\n    <\/div>\n    <div class=\"qodef-iis-text-holder\">\n        <div class=\"qodef-iis-text-inner\">\n                            <h3 class=\"qodef-iis-title\" >DM-ARCHITECTES<\/h3>\n                                        <p class=\"qodef-iis-text\" >Agence d\u2019architecture et d\u2019urbanisme, elle travaille \u00e0 toutes les \u00e9chelles de la ville durable, avec une attention r\u00e9elle \u00e0 la dimension paysag\u00e8re et urbaine des lieux. Agence constitu\u00e9e autour de valeurs comme le Partage, l\u2019Imagination, elle a pour ambition d\u2019aller toujours au-del\u00e0 de la question pos\u00e9e, pour nourrir constamment sa r\u00e9flexion et apporter des r\u00e9ponses justes, pertinentes, signifiantes et r\u00e9silientes.<\/p>\n                                <\/div>\n    <\/div>\n<\/div>[\/vc_column][\/vc_row][vc_row][vc_column][vc_empty_space height=\u00a0\u00bb100px\u00a0\u00bb][\/vc_column][\/vc_row][vc_row row_content_width=\u00a0\u00bbgrid\u00a0\u00bb][vc_column]<div class=\"qodef-elements-holder   qodef-one-column  qodef-responsive-mode-768   \" style=\"background-color: #ffffff\"><div class=\"qodef-eh-item     qodef-eh-shadow\" style=\"background-color: #232323\" data-item-class=\"qodef-eh-custom-6335\" data-1366-1600=\"50px 50px 50px 50px\" data-1024-1366=\"20px 20px 20px 20px\" data-768-1024=\"10px 10px 10px 10px\" data-680-768=\"5px 5px 5px 5px\" data-680=\"2px 2px 2px 2px\">\n\t<div class=\"qodef-eh-item-inner\">\n\t\t<div class=\"qodef-eh-item-content qodef-eh-custom-6335\" style=\"padding: 50px 50px 50px 50px\">\n\t\t\t<div class=\"qodef-section-title-holder  qodef-st-corners qodef-st-title-left qodef-st-normal-space  qodef-st-light-skin\" style=\"padding: 50px;text-align: center\">\n\t<div class=\"qodef-st-inner\">\n                    <span class=\"qodef-corner-line line-1\"><\/span>\n            <span class=\"qodef-corner-line line-2\"><\/span>\n            <span class=\"qodef-corner-line line-3\"><\/span>\n            <span class=\"qodef-corner-line line-4\"><\/span>\n        \t\t\t\t\t\t\t<span class=\"qodef-st-text\" style=\"color: #eaeaea\">\n\t\t\t\tAussi, extr\u00eamement attentifs aux usages, \u00e0 la sociologie urbaine de l\u2019espace, \u00e0 la mise en valeur du quotidien, nous cherchons toujours le lien et la coh\u00e9rence entre le projet et son environnement.\t\t\t<\/span>\n\t\t\t<\/div>\n<\/div>\t\t<\/div>\n\t<\/div>\n<\/div><\/div>[\/vc_column][\/vc_row][vc_row][vc_column][vc_empty_space height=\u00a0\u00bb100px\u00a0\u00bb][\/vc_column][\/vc_row][vc_row row_content_width=\u00a0\u00bbgrid\u00a0\u00bb][vc_column]<div class=\"qodef-image-info-section-holder  qodef-has-border  qodef-image-on-right-side\">\n    <div class=\"qodef-iis-image\">\n        <div class=\"qodef-iis-image-inner\">\n                                                <img loading=\"lazy\" decoding=\"async\" width=\"1920\" height=\"2077\" src=\"https:\/\/www.dm-architectes.fr\/wp-content\/uploads\/2019\/06\/DMARCHITECTES_TAYAC_02.jpg\" class=\"attachment-full size-full\" alt=\"\" srcset=\"https:\/\/www.dm-architectes.fr\/wp-content\/uploads\/2019\/06\/DMARCHITECTES_TAYAC_02.jpg 1920w, https:\/\/www.dm-architectes.fr\/wp-content\/uploads\/2019\/06\/DMARCHITECTES_TAYAC_02-277x300.jpg 277w, https:\/\/www.dm-architectes.fr\/wp-content\/uploads\/2019\/06\/DMARCHITECTES_TAYAC_02-768x831.jpg 768w, https:\/\/www.dm-architectes.fr\/wp-content\/uploads\/2019\/06\/DMARCHITECTES_TAYAC_02-947x1024.jpg 947w\" sizes=\"auto, (max-width: 1920px) 100vw, 1920px\" \/>                                    <\/div>\n    <\/div>\n    <div class=\"qodef-iis-text-holder\">\n        <div class=\"qodef-iis-text-inner\">\n                            <h3 class=\"qodef-iis-title\" >Notre approche<\/h3>\n                                        <p class=\"qodef-iis-text\" >Passe par une analyse du contexte et des enjeux au sens large : paysager, social, durable, \u00e9conomique, programmatique, culturel, g\u00e9ographique, \u00e9cologique, topographique, etc. A travers une \u00e9coute attentive des partenaires, nous cherchons \u00e0 lire, invoquer les pratiques et usages qui guident notre conception. Nous r\u00e9alisons des projets dans divers domaines: des logements, des \u00e9quipements publics, des bureaux, des am\u00e9nagements int\u00e9rieurs. Nous mettons tout en \u0153uvre pour cr\u00e9er une architecture r\u00e9fl\u00e9chie, int\u00e9gr\u00e9e mais \u00e9galement p\u00e9renne et \u00e9conome.<\/p>\n                                <\/div>\n    <\/div>\n<\/div>[\/vc_column][\/vc_row][vc_row][vc_column][vc_empty_space height=\u00a0\u00bb100px\u00a0\u00bb][\/vc_column][\/vc_row][vc_row][vc_column][vc_empty_space height=\u00a0\u00bb100px\u00a0\u00bb][\/vc_column][\/vc_row][vc_row row_content_width=\u00a0\u00bbgrid\u00a0\u00bb][vc_column][vc_row_inner content_placement=\u00a0\u00bbmiddle\u00a0\u00bb gap=\u00a0\u00bb35&Prime;][vc_column_inner width=\u00a0\u00bb1\/2&Prime;][vc_single_image image=\u00a0\u00bb1073&Prime; img_size=\u00a0\u00bbfull\u00a0\u00bb][\/vc_column_inner][vc_column_inner width=\u00a0\u00bb1\/2&Prime;][vc_column_text css=\u00a0\u00bb.vc_custom_1561969824230{margin-top: -20px !important;}\u00a0\u00bb]<\/p>\n<h3>NOS PROJETS<\/h3>\n<p>[\/vc_column_text]<div class=\"qodef-progress-bar  \">\n\t<h6 class=\"qodef-pb-title-holder\" style=\"color: #ffffff\">\n\t\t<span class=\"qodef-pb-title\">Logement<\/span>\n\t\t<span class=\"qodef-pb-percent\">0<\/span>\n\t<\/h6>\n\t<div class=\"qodef-pb-content-holder\" >\n\t\t<div data-percentage=45 class=\"qodef-pb-content\" style=\"background-color: #f57d20\"><\/div>\n\t<\/div>\n<\/div>[vc_empty_space height=\u00a0\u00bb12px\u00a0\u00bb]<div class=\"qodef-progress-bar  \">\n\t<h6 class=\"qodef-pb-title-holder\" style=\"color: #ffffff\">\n\t\t<span class=\"qodef-pb-title\">Equipement<\/span>\n\t\t<span class=\"qodef-pb-percent\">0<\/span>\n\t<\/h6>\n\t<div class=\"qodef-pb-content-holder\" >\n\t\t<div data-percentage=55 class=\"qodef-pb-content\" style=\"background-color: #f57d20\"><\/div>\n\t<\/div>\n<\/div>[vc_empty_space height=\u00a0\u00bb25px\u00a0\u00bb]<div class=\"qodef-separator-holder clearfix  qodef-separator-center \">\n\t<div class=\"qodef-separator\" style=\"border-color: #aaaaaa;border-style: dotted;width: 30%;border-bottom-width: 3px\"><\/div>\n<\/div>\n<div class=\"qodef-progress-bar  \">\n\t<h6 class=\"qodef-pb-title-holder\" style=\"color: #ffffff\">\n\t\t<span class=\"qodef-pb-title\">Construction neuve<\/span>\n\t\t<span class=\"qodef-pb-percent\">0<\/span>\n\t<\/h6>\n\t<div class=\"qodef-pb-content-holder\" >\n\t\t<div data-percentage=62 class=\"qodef-pb-content\" style=\"background-color: #f57d20\"><\/div>\n\t<\/div>\n<\/div>[vc_empty_space height=\u00a0\u00bb12px\u00a0\u00bb]<div class=\"qodef-progress-bar  \">\n\t<h6 class=\"qodef-pb-title-holder\" style=\"color: #ffffff\">\n\t\t<span class=\"qodef-pb-title\">R\u00e9habilitation<\/span>\n\t\t<span class=\"qodef-pb-percent\">0<\/span>\n\t<\/h6>\n\t<div class=\"qodef-pb-content-holder\" >\n\t\t<div data-percentage=38 class=\"qodef-pb-content\" style=\"background-color: #f57d20\"><\/div>\n\t<\/div>\n<\/div>[vc_empty_space height=\u00a0\u00bb12px\u00a0\u00bb][\/vc_column_inner][\/vc_row_inner][\/vc_column] <a href=\"https:\/\/www.linkedin.com\/company\/dm-architectes-de-marco\/\">linkedin.com\/dm-architectes-de-marco\/<\/a>                      <a href=\"https:\/\/www.instagram.com\/dm.architectes\/\">instagram.com\/dm.architectes\/<\/a>[\/vc_row][vc_row][vc_column][\/vc_column][\/vc_row]<\/p>\n<\/div>","protected":false},"excerpt":{"rendered":"<p>[vc_row row_content_width=\u00a0\u00bbgrid\u00a0\u00bb parallax_background_image=\u00a0\u00bb976&Prime; css=\u00a0\u00bb.vc_custom_1661353277072{padding-top: 300px !important;padding-bottom: 500px !important;}\u00a0\u00bb][vc_column][\/vc_column][\/vc_row][vc_row row_content_width=\u00a0\u00bbgrid\u00a0\u00bb css=\u00a0\u00bb.vc_custom_1561968012561{margin-top: -200px !important;}\u00a0\u00bb][vc_column][\/vc_column][\/vc_row][vc_row][vc_column][vc_empty_space height=\u00a0\u00bb100px\u00a0\u00bb][\/vc_column][\/vc_row][vc_row row_content_width=\u00a0\u00bbgrid\u00a0\u00bb][vc_column][\/vc_column][\/vc_row][vc_row][vc_column][vc_empty_space height=\u00a0\u00bb100px\u00a0\u00bb][\/vc_column][\/vc_row][vc_row row_content_width=\u00a0\u00bbgrid\u00a0\u00bb][vc_column][\/vc_column][\/vc_row][vc_row][vc_column][vc_empty_space height=\u00a0\u00bb100px\u00a0\u00bb][\/vc_column][\/vc_row][vc_row row_content_width=\u00a0\u00bbgrid\u00a0\u00bb][vc_column][\/vc_column][\/vc_row][vc_row][vc_column][vc_empty_space height=\u00a0\u00bb100px\u00a0\u00bb][\/vc_column][\/vc_row][vc_row][vc_column][vc_empty_space height=\u00a0\u00bb100px\u00a0\u00bb][\/vc_column][\/vc_row][vc_row row_content_width=\u00a0\u00bbgrid\u00a0\u00bb][vc_column][vc_row_inner content_placement=\u00a0\u00bbmiddle\u00a0\u00bb gap=\u00a0\u00bb35&Prime;][vc_column_inner width=\u00a0\u00bb1\/2&Prime;][vc_single_image image=\u00a0\u00bb1073&Prime; img_size=\u00a0\u00bbfull\u00a0\u00bb][\/vc_column_inner][vc_column_inner width=\u00a0\u00bb1\/2&Prime;][vc_column_text css=\u00a0\u00bb.vc_custom_1561969824230{margin-top: -20px !important;}\u00a0\u00bb] NOS PROJETS [\/vc_column_text][vc_empty_space height=\u00a0\u00bb12px\u00a0\u00bb][vc_empty_space height=\u00a0\u00bb25px\u00a0\u00bb][vc_empty_space height=\u00a0\u00bb12px\u00a0\u00bb][vc_empty_space height=\u00a0\u00bb12px\u00a0\u00bb][\/vc_column_inner][\/vc_row_inner][\/vc_column] linkedin.com\/dm-architectes-de-marco\/ instagram.com\/dm.architectes\/[\/vc_row][vc_row][vc_column][\/vc_column][\/vc_row]<\/p>\n","protected":false},"author":1,"featured_media":0,"parent":0,"menu_order":0,"comment_status":"closed","ping_status":"closed","template":"full-width.php","meta":{"footnotes":""},"class_list":["post-24","page","type-page","status-publish","hentry"],"_links":{"self":[{"href":"https:\/\/www.dm-architectes.fr\/index.php\/wp-json\/wp\/v2\/pages\/24","targetHints":{"allow":["GET"]}}],"collection":[{"href":"https:\/\/www.dm-architectes.fr\/index.php\/wp-json\/wp\/v2\/pages"}],"about":[{"href":"https:\/\/www.dm-architectes.fr\/index.php\/wp-json\/wp\/v2\/types\/page"}],"author":[{"embeddable":true,"href":"https:\/\/www.dm-architectes.fr\/index.php\/wp-json\/wp\/v2\/users\/1"}],"replies":[{"embeddable":true,"href":"https:\/\/www.dm-architectes.fr\/index.php\/wp-json\/wp\/v2\/comments?post=24"}],"version-history":[{"count":261,"href":"https:\/\/www.dm-architectes.fr\/index.php\/wp-json\/wp\/v2\/pages\/24\/revisions"}],"predecessor-version":[{"id":1204,"href":"https:\/\/www.dm-architectes.fr\/index.php\/wp-json\/wp\/v2\/pages\/24\/revisions\/1204"}],"wp:attachment":[{"href":"https:\/\/www.dm-architectes.fr\/index.php\/wp-json\/wp\/v2\/media?parent=24"}],"curies":[{"name":"wp","href":"https:\/\/api.w.org\/{rel}","templated":true}]}}